{"id":11,"date":"2014-04-10T21:13:29","date_gmt":"2014-04-10T19:13:29","guid":{"rendered":"http:\/\/www.junges-ehrenamt.de\/?page_id=11"},"modified":"2014-09-05T09:41:04","modified_gmt":"2014-09-05T07:41:04","slug":"info","status":"publish","type":"page","link":"http:\/\/www.junges-ehrenamt.de\/?page_id=11","title":{"rendered":"Info"},"content":{"rendered":"<p>2014 ist das Jahr des Ehrenamtes in der Kinder- und Jugendarbeit im Kreis Minden-L\u00fcbbecke. \u00dcberall finden dazu Aktionen, Projekte und Veranstaltungen statt. Eine \u00dcbersicht \u00fcber alle Aktivit\u00e4ten gibt es auf <a title=\"Das goldene E\" href=\"http:\/\/www.das-goldene-e.de\" target=\"_blank\">www.das-goldene-e.de<\/a> &#8211; Infos zum Projekt auch in diesem <a href=\"http:\/\/www.junges-ehrenamt.de\/wp-content\/uploads\/2014\/04\/falt-lang-e-pc_neu.pdf\" target=\"_blank\">PDF.<\/a><\/p>\n<p>Auch die Gemeinde Stemwede beteiligt sich an dieser Aktion und m\u00f6chte seinen vielen Ehrenamtlichen Danke sagen. Ein Teil davon ist diese Internetseite mit den dazugeh\u00f6rigen Gro\u00dfformat-Bannern, die im Jahr 2014 in ganz Stemwede aufgeh\u00e4ngt werden (s.o.).<\/p>\n<p>Alle hier Abgebildeten sind in Stemwede in der Kinder- und Jugendarbeit ehrenamtlich aktiv. Weiterhin gibt es viele weitere Engagierte, die nicht zu einem der sechs Fototermine gekommen sind. Daher stehen die hier abgebildeten Personen exemplarisch f\u00fcr freiwillige Engagement in Stemwede.<\/p>\n<p>DANKE SCH\u00d6N!!!!<\/p>\n<h6><img decoding=\"async\" loading=\"lazy\" class=\"alignnone size-full wp-image-348\" src=\"http:\/\/www.junges-ehrenamt.de\/wp-content\/uploads\/2014\/04\/20140403_NW.jpg\" alt=\"NW20140403\" width=\"529\" height=\"790\" srcset=\"http:\/\/www.junges-ehrenamt.de\/wp-content\/uploads\/2014\/04\/20140403_NW.jpg 529w, http:\/\/www.junges-ehrenamt.de\/wp-content\/uploads\/2014\/04\/20140403_NW-200x300.jpg 200w\" sizes=\"(max-width: 529px) 100vw, 529px\" \/><br \/>\nNeue Westf\u00e4lische, 03.04.2014<\/h6>\n<!--[if lt IE 9]><script>document.createElement('audio');<\/script><![endif]-->\n<audio class=\"wp-audio-shortcode\" id=\"audio-11-1\" preload=\"none\" style=\"width: 100%;\" controls=\"controls\"><source type=\"audio\/mpeg\" src=\"http:\/\/www.junges-ehrenamt.de\/wp-content\/uploads\/2014\/09\/ehrenamt_tillhorst_140414.mp3?_=1\" \/><a href=\"http:\/\/www.junges-ehrenamt.de\/wp-content\/uploads\/2014\/09\/ehrenamt_tillhorst_140414.mp3\">http:\/\/www.junges-ehrenamt.de\/wp-content\/uploads\/2014\/09\/ehrenamt_tillhorst_140414.mp3<\/a><\/audio>\n<h6>Vorstellung von Till Riechmann und Tobias Horstmann bei Radio Westfalica, 14.04.2014<\/h6>\n<h6>Steckbrief von Lorena Steinkamp, der in den Zeitungen des Kreises ver\u00f6ffentlicht wurde als <a href=\"http:\/\/www.junges-ehrenamt.de\/wp-content\/uploads\/2014\/09\/Steckbrief-Lorena-Steinkamp.pdf\" target=\"_blank\">PDF<\/a>.<\/h6>\n<h6>Steckbrief von Tobias Horstmann und Till Riechmann, der in den Zeitungen des Kreises ver\u00f6ffentlicht wurde als <a href=\"http:\/\/www.junges-ehrenamt.de\/wp-content\/uploads\/2014\/09\/Steckbrief-Till-Riechmann-und-Tobias-Horstmann.pdf\" target=\"_blank\">PDF<\/a>.<\/h6>\n<p><iframe loading=\"lazy\" src=\"\/\/www.youtube.com\/embed\/QSgjXMXIc54\" width=\"560\" height=\"315\" frameborder=\"0\" allowfullscreen=\"allowfullscreen\"><\/iframe><\/p>\n","protected":false},"excerpt":{"rendered":"<p>2014 ist das Jahr des Ehrenamtes in der Kinder- und Jugendarbeit im Kreis Minden-L\u00fcbbecke. \u00dcberall finden dazu Aktionen, Projekte und Veranstaltungen statt. Eine \u00dcbersicht \u00fcber alle Aktivit\u00e4ten gibt es auf www.das-goldene-e.de &#8211; Infos zum Projekt auch in diesem PDF. Auch die Gemeinde Stemwede beteiligt sich an dieser Aktion und m\u00f6chte seinen vielen Ehrenamtlichen Danke sagen. [&hellip;]<\/p>\n","protected":false},"author":1,"featured_media":18,"parent":0,"menu_order":0,"comment_status":"closed","ping_status":"closed","template":"","meta":[],"_links":{"self":[{"href":"http:\/\/www.junges-ehrenamt.de\/index.php?rest_route=\/wp\/v2\/pages\/11"}],"collection":[{"href":"http:\/\/www.junges-ehrenamt.de\/index.php?rest_route=\/wp\/v2\/pages"}],"about":[{"href":"http:\/\/www.junges-ehrenamt.de\/index.php?rest_route=\/wp\/v2\/types\/page"}],"author":[{"embeddable":true,"href":"http:\/\/www.junges-ehrenamt.de\/index.php?rest_route=\/wp\/v2\/users\/1"}],"replies":[{"embeddable":true,"href":"http:\/\/www.junges-ehrenamt.de\/index.php?rest_route=%2Fwp%2Fv2%2Fcomments&post=11"}],"version-history":[{"count":18,"href":"http:\/\/www.junges-ehrenamt.de\/index.php?rest_route=\/wp\/v2\/pages\/11\/revisions"}],"predecessor-version":[{"id":368,"href":"http:\/\/www.junges-ehrenamt.de\/index.php?rest_route=\/wp\/v2\/pages\/11\/revisions\/368"}],"wp:featuredmedia":[{"embeddable":true,"href":"http:\/\/www.junges-ehrenamt.de\/index.php?rest_route=\/wp\/v2\/media\/18"}],"wp:attachment":[{"href":"http:\/\/www.junges-ehrenamt.de\/index.php?rest_route=%2Fwp%2Fv2%2Fmedia&parent=11"}],"curies":[{"name":"wp","href":"https:\/\/api.w.org\/{rel}","templated":true}]}}