{"id":2,"date":"2014-02-06T13:38:23","date_gmt":"2014-02-06T11:38:23","guid":{"rendered":"http:\/\/www.junges-ehrenamt.de\/\/?page_id=2"},"modified":"2018-05-24T23:47:55","modified_gmt":"2018-05-24T21:47:55","slug":"beispiel-seite","status":"publish","type":"page","link":"http:\/\/www.junges-ehrenamt.de\/?page_id=2","title":{"rendered":"Impressum\/Datenschutz"},"content":{"rendered":"<p>Kontakt: <a href=\"mailto:stemwede@junges-ehrenamt.de\">stemwede@junges-ehrenamt.de<\/a><\/p>\n<p><strong>Anbieter, Herausgeber und Verantwortlicher dieser Internetseiten (nach \u00a76 TDG):<\/strong><\/p>\n<p>Verein f\u00fcr Jugend, Freizeit und Kultur in Stemwede e.V.<br \/>\n1. Vorsitzender: Klaus Riechmann<br \/>\nAm Schulzentrum 14, 32351 Stemwede<\/p>\n<p>Telefon: +49-(0)5773-991401<br \/>\nteam@life-house.de, http:\/\/www.life-house.de<\/p>\n<p>Verbandszugeh\u00f6rigkeit: Deutscher Parit\u00e4tischer Wohlfahrtsverband<br \/>\nVereinsregister-Nr.: 16VR50176 beim Amtgericht Bad Oeynhausen<br \/>\nSteuernummer: 331\/5853\/0106<\/p>\n<p><span class=\"bold\">Konzept &amp; Realisierung:<\/span> Lars Schulz, Frederike Reddehase, Silva Kroll<\/p>\n<p><strong>Datenschutz<\/strong><\/p>\n<p>Wir, der Verein f\u00fcr Jugend, Freizeit und Kultur in Stemwede e.V. (JFK Stemwede) sehen es als sehr wichtig an, dass Ihre pers\u00f6nlichen Daten gesch\u00fctzt werden und halten uns daher strikt an die Regeln der Datenschutzgesetze. Personenbezogene Daten werden auf dieser Webseite nur soweit technisch notwendig erhoben. Diese Daten werden weder verkauft noch aus anderen Gr\u00fcnden an Dritte (Ausnahme siehe unten) weitergegeben.<\/p>\n<p>Nachfolgend ein \u00dcberblick dar\u00fcber, wie wir diesen Schutz sicherstellen und welche Daten zu welcher Absicht erhoben werden.<\/p>\n<p><strong>Datenverarbeitung auf unserer Internetseite<\/strong><br \/>\nDer JFK Stemwede e.V. erhebt und speichert automatisch auf dem Server in Log Files Informationen, die Ihr Webbrowser an uns \u00fcbermittelt. Dies sind:<br \/>\n* Browsertyp \/ -version<br \/>\n* verwendetes Betriebssystem<br \/>\n* Referrer (welche Seite wurde zuvor besucht)<br \/>\n* Sitename des zugreifenden Rechners (IP Adresse)<br \/>\n* Uhrzeit der Anfrage an den Server<br \/>\nDiese Daten kann der JFK Stemwede nicht einer bestimmten Person zuordnen. Eine Verkn\u00fcpfung dieser Daten mit anderen Datenquellen wird nicht vorgenommen, die Daten werden zudem nach einer statistischen Auswertung gel\u00f6scht.<\/p>\n<p><strong>Cookies<\/strong><br \/>\nUnser Internetauftritt verwendet an mehreren Stellen Cookies. Damit m\u00f6chten wir unsere Homepage anwenderfreundlicher und sicherer machen. Cookies sind kleine Texte, die auf Ihrem Rechner gespeichert werden. Am h\u00e4ufigsten verwenden wir &#8222;Session-Cookies&#8220;, die nach Ende Ihres Besuches automatisch gel\u00f6scht werden. Cookies enthalten keine Viren und richten auch sonst keine Sch\u00e4den an.<\/p>\n<p><strong>Newsletter<\/strong><br \/>\nWenn Sie unseren Newsletter bestellen m\u00f6chten, ben\u00f6tigen wir Ihre Email-Adresse und eine Best\u00e4tigung, dass Sie der Inhaber dieser Adresse sind. Dies wird durch eine Best\u00e4tigungsmail nach Eintrag in den Verteiler erreicht. Weitere Daten werden nicht erhoben.<\/p>\n<p>Ihre Einwilligung zur Speicherung der Daten, der Email-Adresse sowie deren Nutzung zum Versand des Newsletters k\u00f6nnen Sie jederzeit widerrufen.<\/p>\n<p><strong> Google Analytics<\/strong><br \/>\n\u201eDiese Website benutzt Google Analytics, einen Webanalysedienst der Googe Inc. (\u201eGoogle\u201c) Google Analytics verwendet sog. \u201eCookies\u201c, Textdateien, die auf Ihrem Computer gespeichert werden und die eine Analyse der Benutzung der Website durch Sie erm\u00f6glicht. Die durch den Cookie erzeugten Informationen \u00fcber Ihre Benutzung diese Website (einschlie\u00dflich Ihrer IP-Adresse) wird an einen Server der Google in den USA \u00fcbertragen und dort gespeichert. Google wird diese Informationen benutzen, um Ihre Nutzung der Website auszuwerten, um Reports \u00fcber die Websiteaktivit\u00e4ten f\u00fcr die Websitebetreiber zusammenzustellen und um weitere mit der Websitenutzung und der Internetnutzung verbundene Dienstleistungen zu erbringen. Auch wird Google diese Informationen gegebenenfalls an Dritte \u00fcbertragen, sofern dies gesetzlich vorgeschrieben oder soweit Dritte diese Daten im Auftrag von Google verarbeiten. Google wird in keinem Fall Ihre IP-Adresse mit anderen Daten der Google in Verbindung bringen. Sie k\u00f6nnen die Installation der Cookies durch eine entsprechende Einstellung Ihrer Browser Software verhindern; wir weisen Sie jedoch darauf hin, dass Sie in diesem Fall gegebenenfalls nicht s\u00e4mtliche Funktionen dieser Website voll umf\u00e4nglich nutzen k\u00f6nnen. Durch die Nutzung dieser Website erkl\u00e4ren Sie sich mit der Bearbeitung der \u00fcber Sie erhobenen Daten durch Google in der zuvor beschriebenen Art und Weise und zu dem zuvor benannten Zweck einverstanden.\u201c<\/p>\n<p><strong>Auskunftsrecht<\/strong><br \/>\nSie haben jederzeit das Recht auf Auskunft \u00fcber die bez\u00fcglich Ihrer Person gespeicherten Daten, deren Ursprung und den Zweck der Speicherung. Auskunft \u00fcber die gespeicherten Daten gibt der Datenschutzbeauftragte vorstand@jfk-stemwede.de.<\/p>\n<p><strong>Fragen<\/strong><br \/>\nWenn sie noch Fragen zu unserem Datenschutz haben, stehen wir ihnen gerne zur Verf\u00fcgung. E-Mail: info@jfk-stemwede.de.<\/p>\n","protected":false},"excerpt":{"rendered":"<p>Kontakt: stemwede@junges-ehrenamt.de Anbieter, Herausgeber und Verantwortlicher dieser Internetseiten (nach \u00a76 TDG): Verein f\u00fcr Jugend, Freizeit und Kultur in Stemwede e.V. 1. Vorsitzender: Klaus Riechmann Am Schulzentrum 14, 32351 Stemwede Telefon: +49-(0)5773-991401 team@life-house.de, http:\/\/www.life-house.de Verbandszugeh\u00f6rigkeit: Deutscher Parit\u00e4tischer Wohlfahrtsverband Vereinsregister-Nr.: 16VR50176 beim Amtgericht Bad Oeynhausen Steuernummer: 331\/5853\/0106 Konzept &amp; Realisierung: Lars Schulz, Frederike Reddehase, Silva Kroll Datenschutz [&hellip;]<\/p>\n","protected":false},"author":1,"featured_media":0,"parent":0,"menu_order":0,"comment_status":"closed","ping_status":"closed","template":"","meta":[],"_links":{"self":[{"href":"http:\/\/www.junges-ehrenamt.de\/index.php?rest_route=\/wp\/v2\/pages\/2"}],"collection":[{"href":"http:\/\/www.junges-ehrenamt.de\/index.php?rest_route=\/wp\/v2\/pages"}],"about":[{"href":"http:\/\/www.junges-ehrenamt.de\/index.php?rest_route=\/wp\/v2\/types\/page"}],"author":[{"embeddable":true,"href":"http:\/\/www.junges-ehrenamt.de\/index.php?rest_route=\/wp\/v2\/users\/1"}],"replies":[{"embeddable":true,"href":"http:\/\/www.junges-ehrenamt.de\/index.php?rest_route=%2Fwp%2Fv2%2Fcomments&post=2"}],"version-history":[{"count":6,"href":"http:\/\/www.junges-ehrenamt.de\/index.php?rest_route=\/wp\/v2\/pages\/2\/revisions"}],"predecessor-version":[{"id":379,"href":"http:\/\/www.junges-ehrenamt.de\/index.php?rest_route=\/wp\/v2\/pages\/2\/revisions\/379"}],"wp:attachment":[{"href":"http:\/\/www.junges-ehrenamt.de\/index.php?rest_route=%2Fwp%2Fv2%2Fmedia&parent=2"}],"curies":[{"name":"wp","href":"https:\/\/api.w.org\/{rel}","templated":true}]}}